{"id":9589,"date":"2023-12-03T17:22:15","date_gmt":"2023-12-03T16:22:15","guid":{"rendered":"https:\/\/guitareffect.fr\/?page_id=9589"},"modified":"2025-04-23T21:37:26","modified_gmt":"2025-04-23T19:37:26","slug":"privacy-policy","status":"publish","type":"page","link":"https:\/\/guitareffect.fr\/en\/privacy-policy\/","title":{"rendered":"Privacy Policy"},"content":{"rendered":"\n<h2 id=\"1-personal-data-collected\" class=\"wp-block-heading\"><strong>1. Personal Data Collected<\/strong><\/h2>\n\n\n\n<p>When you visit the website https:\/\/guitareffect.fr, the following data may be collected:<\/p>\n\n\n\n<ul class=\"wp-block-list\">\n<li>Through the contact form: your name (or pseudonym) and your email address<\/li>\n\n\n\n<li>When leaving comments: your name (or pseudonym), email address, IP address, and the content of the comment<\/li>\n\n\n\n<li>Technical browsing data: IP address, browser type, pages visited, time spent on the site (via Google Analytics)<\/li>\n<\/ul>\n\n\n\n<h2 id=\"2-use-of-data\" class=\"wp-block-heading\"><strong>2. Use of Data<\/strong><\/h2>\n\n\n\n<p>The data collected is used solely for the following purposes:<\/p>\n\n\n\n<ul class=\"wp-block-list\">\n<li>To respond to your inquiries via the contact form<\/li>\n\n\n\n<li>To display your comments on the website<\/li>\n\n\n\n<li>To generate website traffic statistics. No personal data is sold or shared with third parties.<\/li>\n<\/ul>\n\n\n\n<h2 id=\"3-cookies\" class=\"wp-block-heading\"><strong>3. Cookies<\/strong><\/h2>\n\n\n\n<p>The website uses cookies for:<\/p>\n\n\n\n<ul class=\"wp-block-list\">\n<li>Proper functioning of the site (e.g., navigation preferences)<\/li>\n\n\n\n<li>Traffic analysis via Google Analytics (through Google Site Kit)<\/li>\n<\/ul>\n\n\n\n<p>You can disable cookies at any time in your browser settings.<\/p>\n\n\n\n<h2 id=\"4-data-retention\" class=\"wp-block-heading\"><strong>4. Data Retention<\/strong><\/h2>\n\n\n\n<p>Personal data collected is retained for a maximum period of 3 years.<\/p>\n\n\n\n<h2 id=\"5-data-security\" class=\"wp-block-heading\"><strong>5. Data Security<\/strong><\/h2>\n\n\n\n<p>Data is hosted on OVH\u2019s secure servers located in France. No data is stored or transferred to any other provider or cloud service.<\/p>\n\n\n\n<h2 id=\"6-your-rights\" class=\"wp-block-heading\"><strong>6. Your Rights<\/strong><\/h2>\n\n\n\n<p>In accordance with the General Data Protection Regulation (GDPR), you have the following rights:<\/p>\n\n\n\n<ul class=\"wp-block-list\">\n<li>Right to access your data<\/li>\n\n\n\n<li>Right to rectification<\/li>\n\n\n\n<li>Right to erasure<\/li>\n\n\n\n<li>Right to object<\/li>\n\n\n\n<li>Right to restrict processing<\/li>\n\n\n\n<li>Right to data portability<\/li>\n<\/ul>\n\n\n\n<p>To exercise any of these rights or to ask a question, you can write to the following address:<br><a href=\"mailto:guitareffectcontact@gmail.com\"><strong>guitareffectcontact@gmail.com<\/strong><\/a><\/p>\n\n\n\n<p><\/p>\n","protected":false},"excerpt":{"rendered":"1. Personal Data Collected When you visit the website https:\/\/guitareffect.fr, the following data may be collected: 2. Use&hellip;\n","protected":false},"author":2,"featured_media":0,"parent":0,"menu_order":0,"comment_status":"closed","ping_status":"open","template":"","meta":{"csco_singular_sidebar":"right","csco_page_header_type":"","csco_appearance_masonry":"","csco_page_load_nextpost":"","csco_post_video_location":[],"csco_post_video_location_hash":"","csco_post_video_url":"","csco_post_video_bg_start_time":0,"csco_post_video_bg_end_time":0,"footnotes":""},"class_list":{"0":"post-9589","1":"page","2":"type-page","3":"status-publish","5":"cs-entry","6":"cs-video-wrap"},"yoast_head":"<!-- This site is optimized with the Yoast SEO plugin v27.2 - https:\/\/yoast.com\/product\/yoast-seo-wordpress\/ -->\n<title>Privacy Policy - GuitarEffect<\/title>\n<meta name=\"robots\" content=\"index, follow, max-snippet:-1, max-image-preview:large, max-video-preview:-1\" \/>\n<link rel=\"canonical\" href=\"https:\/\/guitareffect.fr\/en\/privacy-policy\/\" \/>\n<meta property=\"og:locale\" content=\"en_US\" \/>\n<meta property=\"og:type\" content=\"article\" \/>\n<meta property=\"og:title\" content=\"Privacy Policy - GuitarEffect\" \/>\n<meta property=\"og:description\" content=\"1. Personal Data Collected When you visit the website https:\/\/guitareffect.fr, the following data may be collected: 2. Use&hellip;\" \/>\n<meta property=\"og:url\" content=\"https:\/\/guitareffect.fr\/en\/privacy-policy\/\" \/>\n<meta property=\"og:site_name\" content=\"GuitarEffect\" \/>\n<meta property=\"article:modified_time\" content=\"2025-04-23T19:37:26+00:00\" \/>\n<meta name=\"twitter:card\" content=\"summary_large_image\" \/>\n<meta name=\"twitter:label1\" content=\"Est. reading time\" \/>\n\t<meta name=\"twitter:data1\" content=\"2 minutes\" \/>\n<script type=\"application\/ld+json\" class=\"yoast-schema-graph\">{\"@context\":\"https:\/\/schema.org\",\"@graph\":[{\"@type\":\"WebPage\",\"@id\":\"https:\/\/guitareffect.fr\/en\/privacy-policy\/\",\"url\":\"https:\/\/guitareffect.fr\/en\/privacy-policy\/\",\"name\":\"Privacy Policy - GuitarEffect\",\"isPartOf\":{\"@id\":\"https:\/\/guitareffect.fr\/en\/#website\"},\"datePublished\":\"2023-12-03T16:22:15+00:00\",\"dateModified\":\"2025-04-23T19:37:26+00:00\",\"breadcrumb\":{\"@id\":\"https:\/\/guitareffect.fr\/en\/privacy-policy\/#breadcrumb\"},\"inLanguage\":\"en-US\",\"potentialAction\":[{\"@type\":\"ReadAction\",\"target\":[\"https:\/\/guitareffect.fr\/en\/privacy-policy\/\"]}]},{\"@type\":\"BreadcrumbList\",\"@id\":\"https:\/\/guitareffect.fr\/en\/privacy-policy\/#breadcrumb\",\"itemListElement\":[{\"@type\":\"ListItem\",\"position\":1,\"name\":\"Accueil\",\"item\":\"https:\/\/guitareffect.fr\/en\/\"},{\"@type\":\"ListItem\",\"position\":2,\"name\":\"Privacy Policy\"}]},{\"@type\":\"WebSite\",\"@id\":\"https:\/\/guitareffect.fr\/en\/#website\",\"url\":\"https:\/\/guitareffect.fr\/en\/\",\"name\":\"GuitarEffect\",\"description\":\"P\u00e9dales et effets pour guitares et basses\",\"publisher\":{\"@id\":\"https:\/\/guitareffect.fr\/en\/#\/schema\/person\/2fc629c880392a68177f057c37bad3f0\"},\"potentialAction\":[{\"@type\":\"SearchAction\",\"target\":{\"@type\":\"EntryPoint\",\"urlTemplate\":\"https:\/\/guitareffect.fr\/en\/?s={search_term_string}\"},\"query-input\":{\"@type\":\"PropertyValueSpecification\",\"valueRequired\":true,\"valueName\":\"search_term_string\"}}],\"inLanguage\":\"en-US\"},{\"@type\":[\"Person\",\"Organization\"],\"@id\":\"https:\/\/guitareffect.fr\/en\/#\/schema\/person\/2fc629c880392a68177f057c37bad3f0\",\"name\":\"Pierre-Gabriel Gautret\",\"image\":{\"@type\":\"ImageObject\",\"inLanguage\":\"en-US\",\"@id\":\"https:\/\/secure.gravatar.com\/avatar\/08be9c9b6f3622addc69d44225b9cc51c98a715de908834ca6de238db146177c?s=96&d=mm&r=g\",\"url\":\"https:\/\/secure.gravatar.com\/avatar\/08be9c9b6f3622addc69d44225b9cc51c98a715de908834ca6de238db146177c?s=96&d=mm&r=g\",\"contentUrl\":\"https:\/\/secure.gravatar.com\/avatar\/08be9c9b6f3622addc69d44225b9cc51c98a715de908834ca6de238db146177c?s=96&d=mm&r=g\",\"caption\":\"Pierre-Gabriel Gautret\"},\"logo\":{\"@id\":\"https:\/\/secure.gravatar.com\/avatar\/08be9c9b6f3622addc69d44225b9cc51c98a715de908834ca6de238db146177c?s=96&d=mm&r=g\"},\"description\":\"Guitariste depuis l'adolescence, le mat\u00e9riel et plus particuli\u00e8rement les p\u00e9dales de guitare sont devenus une vraie passion. \u00c0 travers ce blog de contenus, je souhaitais mettre \u00e0 profit mes comp\u00e9tences en r\u00e9daction, en cr\u00e9ation de site internet et en animation de contenus, pour faire vivre cette passion.\",\"sameAs\":[\"https:\/\/agence-vml.fr\/\",\"https:\/\/www.instagram.com\/dannywilde14\/\",\"https:\/\/www.linkedin.com\/in\/pierregabrielgautret\/\"]}]}<\/script>\n<!-- \/ Yoast SEO plugin. -->","yoast_head_json":{"title":"Privacy Policy - GuitarEffect","robots":{"index":"index","follow":"follow","max-snippet":"max-snippet:-1","max-image-preview":"max-image-preview:large","max-video-preview":"max-video-preview:-1"},"canonical":"https:\/\/guitareffect.fr\/en\/privacy-policy\/","og_locale":"en_US","og_type":"article","og_title":"Privacy Policy - GuitarEffect","og_description":"1. Personal Data Collected When you visit the website https:\/\/guitareffect.fr, the following data may be collected: 2. Use&hellip;","og_url":"https:\/\/guitareffect.fr\/en\/privacy-policy\/","og_site_name":"GuitarEffect","article_modified_time":"2025-04-23T19:37:26+00:00","twitter_card":"summary_large_image","twitter_misc":{"Est. reading time":"2 minutes"},"schema":{"@context":"https:\/\/schema.org","@graph":[{"@type":"WebPage","@id":"https:\/\/guitareffect.fr\/en\/privacy-policy\/","url":"https:\/\/guitareffect.fr\/en\/privacy-policy\/","name":"Privacy Policy - GuitarEffect","isPartOf":{"@id":"https:\/\/guitareffect.fr\/en\/#website"},"datePublished":"2023-12-03T16:22:15+00:00","dateModified":"2025-04-23T19:37:26+00:00","breadcrumb":{"@id":"https:\/\/guitareffect.fr\/en\/privacy-policy\/#breadcrumb"},"inLanguage":"en-US","potentialAction":[{"@type":"ReadAction","target":["https:\/\/guitareffect.fr\/en\/privacy-policy\/"]}]},{"@type":"BreadcrumbList","@id":"https:\/\/guitareffect.fr\/en\/privacy-policy\/#breadcrumb","itemListElement":[{"@type":"ListItem","position":1,"name":"Accueil","item":"https:\/\/guitareffect.fr\/en\/"},{"@type":"ListItem","position":2,"name":"Privacy Policy"}]},{"@type":"WebSite","@id":"https:\/\/guitareffect.fr\/en\/#website","url":"https:\/\/guitareffect.fr\/en\/","name":"GuitarEffect","description":"P\u00e9dales et effets pour guitares et basses","publisher":{"@id":"https:\/\/guitareffect.fr\/en\/#\/schema\/person\/2fc629c880392a68177f057c37bad3f0"},"potentialAction":[{"@type":"SearchAction","target":{"@type":"EntryPoint","urlTemplate":"https:\/\/guitareffect.fr\/en\/?s={search_term_string}"},"query-input":{"@type":"PropertyValueSpecification","valueRequired":true,"valueName":"search_term_string"}}],"inLanguage":"en-US"},{"@type":["Person","Organization"],"@id":"https:\/\/guitareffect.fr\/en\/#\/schema\/person\/2fc629c880392a68177f057c37bad3f0","name":"Pierre-Gabriel Gautret","image":{"@type":"ImageObject","inLanguage":"en-US","@id":"https:\/\/secure.gravatar.com\/avatar\/08be9c9b6f3622addc69d44225b9cc51c98a715de908834ca6de238db146177c?s=96&d=mm&r=g","url":"https:\/\/secure.gravatar.com\/avatar\/08be9c9b6f3622addc69d44225b9cc51c98a715de908834ca6de238db146177c?s=96&d=mm&r=g","contentUrl":"https:\/\/secure.gravatar.com\/avatar\/08be9c9b6f3622addc69d44225b9cc51c98a715de908834ca6de238db146177c?s=96&d=mm&r=g","caption":"Pierre-Gabriel Gautret"},"logo":{"@id":"https:\/\/secure.gravatar.com\/avatar\/08be9c9b6f3622addc69d44225b9cc51c98a715de908834ca6de238db146177c?s=96&d=mm&r=g"},"description":"Guitariste depuis l'adolescence, le mat\u00e9riel et plus particuli\u00e8rement les p\u00e9dales de guitare sont devenus une vraie passion. \u00c0 travers ce blog de contenus, je souhaitais mettre \u00e0 profit mes comp\u00e9tences en r\u00e9daction, en cr\u00e9ation de site internet et en animation de contenus, pour faire vivre cette passion.","sameAs":["https:\/\/agence-vml.fr\/","https:\/\/www.instagram.com\/dannywilde14\/","https:\/\/www.linkedin.com\/in\/pierregabrielgautret\/"]}]}},"_links":{"self":[{"href":"https:\/\/guitareffect.fr\/en\/wp-json\/wp\/v2\/pages\/9589","targetHints":{"allow":["GET"]}}],"collection":[{"href":"https:\/\/guitareffect.fr\/en\/wp-json\/wp\/v2\/pages"}],"about":[{"href":"https:\/\/guitareffect.fr\/en\/wp-json\/wp\/v2\/types\/page"}],"author":[{"embeddable":true,"href":"https:\/\/guitareffect.fr\/en\/wp-json\/wp\/v2\/users\/2"}],"replies":[{"embeddable":true,"href":"https:\/\/guitareffect.fr\/en\/wp-json\/wp\/v2\/comments?post=9589"}],"version-history":[{"count":1,"href":"https:\/\/guitareffect.fr\/en\/wp-json\/wp\/v2\/pages\/9589\/revisions"}],"predecessor-version":[{"id":9592,"href":"https:\/\/guitareffect.fr\/en\/wp-json\/wp\/v2\/pages\/9589\/revisions\/9592"}],"wp:attachment":[{"href":"https:\/\/guitareffect.fr\/en\/wp-json\/wp\/v2\/media?parent=9589"}],"curies":[{"name":"wp","href":"https:\/\/api.w.org\/{rel}","templated":true}]}}