{"id":9538,"date":"2023-12-03T21:48:55","date_gmt":"2023-12-03T20:48:55","guid":{"rendered":"https:\/\/guitareffect.fr\/?page_id=9538"},"modified":"2025-04-23T14:34:39","modified_gmt":"2025-04-23T12:34:39","slug":"contact-us","status":"publish","type":"page","link":"https:\/\/guitareffect.fr\/en\/contact-us\/","title":{"rendered":"Contact us"},"content":{"rendered":"\n<p>A question? Want to report an error or suggest an article? <br><strong>Feel free to get in touch with us using this form!<\/strong><\/p>\n\n\n\n<div class=\"wp-block-columns is-layout-flex wp-container-core-columns-is-layout-9d6595d7 wp-block-columns-is-layout-flex\">\n<div class=\"wp-block-column is-layout-flow wp-block-column-is-layout-flow\">\n<div class=\"wp-block-contact-form-7-contact-form-selector\">\n<div class=\"wpcf7 no-js\" id=\"wpcf7-f9539-o1\" lang=\"en-US\" dir=\"ltr\" data-wpcf7-id=\"9539\">\n<div class=\"screen-reader-response\"><p role=\"status\" aria-live=\"polite\" aria-atomic=\"true\"><\/p> <ul><\/ul><\/div>\n<form action=\"\/en\/wp-json\/wp\/v2\/pages\/9538#wpcf7-f9539-o1\" method=\"post\" class=\"wpcf7-form init\" aria-label=\"Contact form\" novalidate=\"novalidate\" data-status=\"init\">\n<fieldset class=\"hidden-fields-container\"><input type=\"hidden\" name=\"_wpcf7\" value=\"9539\" \/><input type=\"hidden\" name=\"_wpcf7_version\" value=\"6.1.5\" \/><input type=\"hidden\" name=\"_wpcf7_locale\" value=\"en_US\" \/><input type=\"hidden\" name=\"_wpcf7_unit_tag\" value=\"wpcf7-f9539-o1\" \/><input type=\"hidden\" name=\"_wpcf7_container_post\" value=\"0\" \/><input type=\"hidden\" name=\"_wpcf7_posted_data_hash\" value=\"\" \/><input type=\"hidden\" name=\"_wpcf7_recaptcha_response\" value=\"\" \/>\n<\/fieldset>\n<p><label> Your name<br \/>\n<span class=\"wpcf7-form-control-wrap\" data-name=\"your-name\"><input size=\"40\" maxlength=\"400\" class=\"wpcf7-form-control wpcf7-text wpcf7-validates-as-required\" autocomplete=\"name\" aria-required=\"true\" aria-invalid=\"false\" value=\"\" type=\"text\" name=\"your-name\" \/><\/span> <\/label>\n<\/p>\n<p><label> Your e-mail<br \/>\n<span class=\"wpcf7-form-control-wrap\" data-name=\"your-email\"><input size=\"40\" maxlength=\"400\" class=\"wpcf7-form-control wpcf7-email wpcf7-validates-as-required wpcf7-text wpcf7-validates-as-email\" autocomplete=\"email\" aria-required=\"true\" aria-invalid=\"false\" value=\"\" type=\"email\" name=\"your-email\" \/><\/span> <\/label>\n<\/p>\n<p><label> Object<br \/>\n<span class=\"wpcf7-form-control-wrap\" data-name=\"your-subject\"><input size=\"40\" maxlength=\"400\" class=\"wpcf7-form-control wpcf7-text wpcf7-validates-as-required\" aria-required=\"true\" aria-invalid=\"false\" value=\"\" type=\"text\" name=\"your-subject\" \/><\/span> <\/label>\n<\/p>\n<p><label> Your message (optional)<br \/>\n<span class=\"wpcf7-form-control-wrap\" data-name=\"your-message\"><textarea cols=\"40\" rows=\"10\" maxlength=\"2000\" class=\"wpcf7-form-control wpcf7-textarea\" aria-invalid=\"false\" name=\"your-message\"><\/textarea><\/span> <\/label>\n<\/p>\n<p><input class=\"wpcf7-form-control wpcf7-submit has-spinner\" type=\"submit\" value=\"Send\" \/>\n<\/p><div class=\"wpcf7-response-output\" aria-hidden=\"true\"><\/div>\n<\/form>\n<\/div>\n<\/div>\n<\/div>\n<\/div>\n","protected":false},"excerpt":{"rendered":"A question? Want to report an error or suggest an article? Feel free to get in touch with&hellip;\n","protected":false},"author":2,"featured_media":4842,"parent":0,"menu_order":0,"comment_status":"closed","ping_status":"closed","template":"","meta":{"csco_singular_sidebar":"right","csco_page_header_type":"full","csco_appearance_masonry":"","csco_page_load_nextpost":"","csco_post_video_location":[],"csco_post_video_location_hash":"","csco_post_video_url":"","csco_post_video_bg_start_time":0,"csco_post_video_bg_end_time":0,"footnotes":""},"class_list":{"0":"post-9538","1":"page","2":"type-page","3":"status-publish","4":"has-post-thumbnail","6":"cs-entry","7":"cs-video-wrap"},"yoast_head":"<!-- This site is optimized with the Yoast SEO plugin v27.2 - https:\/\/yoast.com\/product\/yoast-seo-wordpress\/ -->\n<title>Contact Us<\/title>\n<meta name=\"description\" content=\"A question? Want to report an error or suggest an article? Feel free to get in touch with us using this form!\" \/>\n<meta name=\"robots\" content=\"index, follow, max-snippet:-1, max-image-preview:large, max-video-preview:-1\" \/>\n<link rel=\"canonical\" href=\"https:\/\/guitareffect.fr\/en\/contact-us\/\" \/>\n<meta property=\"og:locale\" content=\"en_US\" \/>\n<meta property=\"og:type\" content=\"article\" \/>\n<meta property=\"og:title\" content=\"Contact Us\" \/>\n<meta property=\"og:description\" content=\"A question? Want to report an error or suggest an article? Feel free to get in touch with us using this form!\" \/>\n<meta property=\"og:url\" content=\"https:\/\/guitareffect.fr\/en\/contact-us\/\" \/>\n<meta property=\"og:site_name\" content=\"GuitarEffect\" \/>\n<meta property=\"article:modified_time\" content=\"2025-04-23T12:34:39+00:00\" \/>\n<meta property=\"og:image\" content=\"https:\/\/guitareffect.fr\/wp-content\/uploads\/2023\/12\/contact-guitareffect.jpg\" \/>\n\t<meta property=\"og:image:width\" content=\"2000\" \/>\n\t<meta property=\"og:image:height\" content=\"1332\" \/>\n\t<meta property=\"og:image:type\" content=\"image\/jpeg\" \/>\n<meta name=\"twitter:card\" content=\"summary_large_image\" \/>\n<meta name=\"twitter:label1\" content=\"Est. reading time\" \/>\n\t<meta name=\"twitter:data1\" content=\"1 minute\" \/>\n<script type=\"application\/ld+json\" class=\"yoast-schema-graph\">{\"@context\":\"https:\/\/schema.org\",\"@graph\":[{\"@type\":\"WebPage\",\"@id\":\"https:\/\/guitareffect.fr\/en\/contact-us\/\",\"url\":\"https:\/\/guitareffect.fr\/en\/contact-us\/\",\"name\":\"Contact Us\",\"isPartOf\":{\"@id\":\"https:\/\/guitareffect.fr\/en\/#website\"},\"primaryImageOfPage\":{\"@id\":\"https:\/\/guitareffect.fr\/en\/contact-us\/#primaryimage\"},\"image\":{\"@id\":\"https:\/\/guitareffect.fr\/en\/contact-us\/#primaryimage\"},\"thumbnailUrl\":\"https:\/\/guitareffect.fr\/wp-content\/uploads\/2023\/12\/contact-guitareffect.jpg\",\"datePublished\":\"2023-12-03T20:48:55+00:00\",\"dateModified\":\"2025-04-23T12:34:39+00:00\",\"description\":\"A question? Want to report an error or suggest an article? Feel free to get in touch with us using this form!\",\"breadcrumb\":{\"@id\":\"https:\/\/guitareffect.fr\/en\/contact-us\/#breadcrumb\"},\"inLanguage\":\"en-US\",\"potentialAction\":[{\"@type\":\"ReadAction\",\"target\":[\"https:\/\/guitareffect.fr\/en\/contact-us\/\"]}]},{\"@type\":\"ImageObject\",\"inLanguage\":\"en-US\",\"@id\":\"https:\/\/guitareffect.fr\/en\/contact-us\/#primaryimage\",\"url\":\"https:\/\/guitareffect.fr\/wp-content\/uploads\/2023\/12\/contact-guitareffect.jpg\",\"contentUrl\":\"https:\/\/guitareffect.fr\/wp-content\/uploads\/2023\/12\/contact-guitareffect.jpg\",\"width\":2000,\"height\":1332},{\"@type\":\"BreadcrumbList\",\"@id\":\"https:\/\/guitareffect.fr\/en\/contact-us\/#breadcrumb\",\"itemListElement\":[{\"@type\":\"ListItem\",\"position\":1,\"name\":\"Accueil\",\"item\":\"https:\/\/guitareffect.fr\/en\/\"},{\"@type\":\"ListItem\",\"position\":2,\"name\":\"Contact us\"}]},{\"@type\":\"WebSite\",\"@id\":\"https:\/\/guitareffect.fr\/en\/#website\",\"url\":\"https:\/\/guitareffect.fr\/en\/\",\"name\":\"GuitarEffect\",\"description\":\"P\u00e9dales et effets pour guitares et basses\",\"publisher\":{\"@id\":\"https:\/\/guitareffect.fr\/en\/#\/schema\/person\/2fc629c880392a68177f057c37bad3f0\"},\"potentialAction\":[{\"@type\":\"SearchAction\",\"target\":{\"@type\":\"EntryPoint\",\"urlTemplate\":\"https:\/\/guitareffect.fr\/en\/?s={search_term_string}\"},\"query-input\":{\"@type\":\"PropertyValueSpecification\",\"valueRequired\":true,\"valueName\":\"search_term_string\"}}],\"inLanguage\":\"en-US\"},{\"@type\":[\"Person\",\"Organization\"],\"@id\":\"https:\/\/guitareffect.fr\/en\/#\/schema\/person\/2fc629c880392a68177f057c37bad3f0\",\"name\":\"Pierre-Gabriel Gautret\",\"image\":{\"@type\":\"ImageObject\",\"inLanguage\":\"en-US\",\"@id\":\"https:\/\/secure.gravatar.com\/avatar\/08be9c9b6f3622addc69d44225b9cc51c98a715de908834ca6de238db146177c?s=96&d=mm&r=g\",\"url\":\"https:\/\/secure.gravatar.com\/avatar\/08be9c9b6f3622addc69d44225b9cc51c98a715de908834ca6de238db146177c?s=96&d=mm&r=g\",\"contentUrl\":\"https:\/\/secure.gravatar.com\/avatar\/08be9c9b6f3622addc69d44225b9cc51c98a715de908834ca6de238db146177c?s=96&d=mm&r=g\",\"caption\":\"Pierre-Gabriel Gautret\"},\"logo\":{\"@id\":\"https:\/\/secure.gravatar.com\/avatar\/08be9c9b6f3622addc69d44225b9cc51c98a715de908834ca6de238db146177c?s=96&d=mm&r=g\"},\"description\":\"Guitariste depuis l'adolescence, le mat\u00e9riel et plus particuli\u00e8rement les p\u00e9dales de guitare sont devenus une vraie passion. \u00c0 travers ce blog de contenus, je souhaitais mettre \u00e0 profit mes comp\u00e9tences en r\u00e9daction, en cr\u00e9ation de site internet et en animation de contenus, pour faire vivre cette passion.\",\"sameAs\":[\"https:\/\/agence-vml.fr\/\",\"https:\/\/www.instagram.com\/dannywilde14\/\",\"https:\/\/www.linkedin.com\/in\/pierregabrielgautret\/\"]}]}<\/script>\n<!-- \/ Yoast SEO plugin. -->","yoast_head_json":{"title":"Contact Us","description":"A question? Want to report an error or suggest an article? Feel free to get in touch with us using this form!","robots":{"index":"index","follow":"follow","max-snippet":"max-snippet:-1","max-image-preview":"max-image-preview:large","max-video-preview":"max-video-preview:-1"},"canonical":"https:\/\/guitareffect.fr\/en\/contact-us\/","og_locale":"en_US","og_type":"article","og_title":"Contact Us","og_description":"A question? Want to report an error or suggest an article? Feel free to get in touch with us using this form!","og_url":"https:\/\/guitareffect.fr\/en\/contact-us\/","og_site_name":"GuitarEffect","article_modified_time":"2025-04-23T12:34:39+00:00","og_image":[{"width":2000,"height":1332,"url":"https:\/\/guitareffect.fr\/wp-content\/uploads\/2023\/12\/contact-guitareffect.jpg","type":"image\/jpeg"}],"twitter_card":"summary_large_image","twitter_misc":{"Est. reading time":"1 minute"},"schema":{"@context":"https:\/\/schema.org","@graph":[{"@type":"WebPage","@id":"https:\/\/guitareffect.fr\/en\/contact-us\/","url":"https:\/\/guitareffect.fr\/en\/contact-us\/","name":"Contact Us","isPartOf":{"@id":"https:\/\/guitareffect.fr\/en\/#website"},"primaryImageOfPage":{"@id":"https:\/\/guitareffect.fr\/en\/contact-us\/#primaryimage"},"image":{"@id":"https:\/\/guitareffect.fr\/en\/contact-us\/#primaryimage"},"thumbnailUrl":"https:\/\/guitareffect.fr\/wp-content\/uploads\/2023\/12\/contact-guitareffect.jpg","datePublished":"2023-12-03T20:48:55+00:00","dateModified":"2025-04-23T12:34:39+00:00","description":"A question? Want to report an error or suggest an article? Feel free to get in touch with us using this form!","breadcrumb":{"@id":"https:\/\/guitareffect.fr\/en\/contact-us\/#breadcrumb"},"inLanguage":"en-US","potentialAction":[{"@type":"ReadAction","target":["https:\/\/guitareffect.fr\/en\/contact-us\/"]}]},{"@type":"ImageObject","inLanguage":"en-US","@id":"https:\/\/guitareffect.fr\/en\/contact-us\/#primaryimage","url":"https:\/\/guitareffect.fr\/wp-content\/uploads\/2023\/12\/contact-guitareffect.jpg","contentUrl":"https:\/\/guitareffect.fr\/wp-content\/uploads\/2023\/12\/contact-guitareffect.jpg","width":2000,"height":1332},{"@type":"BreadcrumbList","@id":"https:\/\/guitareffect.fr\/en\/contact-us\/#breadcrumb","itemListElement":[{"@type":"ListItem","position":1,"name":"Accueil","item":"https:\/\/guitareffect.fr\/en\/"},{"@type":"ListItem","position":2,"name":"Contact us"}]},{"@type":"WebSite","@id":"https:\/\/guitareffect.fr\/en\/#website","url":"https:\/\/guitareffect.fr\/en\/","name":"GuitarEffect","description":"P\u00e9dales et effets pour guitares et basses","publisher":{"@id":"https:\/\/guitareffect.fr\/en\/#\/schema\/person\/2fc629c880392a68177f057c37bad3f0"},"potentialAction":[{"@type":"SearchAction","target":{"@type":"EntryPoint","urlTemplate":"https:\/\/guitareffect.fr\/en\/?s={search_term_string}"},"query-input":{"@type":"PropertyValueSpecification","valueRequired":true,"valueName":"search_term_string"}}],"inLanguage":"en-US"},{"@type":["Person","Organization"],"@id":"https:\/\/guitareffect.fr\/en\/#\/schema\/person\/2fc629c880392a68177f057c37bad3f0","name":"Pierre-Gabriel Gautret","image":{"@type":"ImageObject","inLanguage":"en-US","@id":"https:\/\/secure.gravatar.com\/avatar\/08be9c9b6f3622addc69d44225b9cc51c98a715de908834ca6de238db146177c?s=96&d=mm&r=g","url":"https:\/\/secure.gravatar.com\/avatar\/08be9c9b6f3622addc69d44225b9cc51c98a715de908834ca6de238db146177c?s=96&d=mm&r=g","contentUrl":"https:\/\/secure.gravatar.com\/avatar\/08be9c9b6f3622addc69d44225b9cc51c98a715de908834ca6de238db146177c?s=96&d=mm&r=g","caption":"Pierre-Gabriel Gautret"},"logo":{"@id":"https:\/\/secure.gravatar.com\/avatar\/08be9c9b6f3622addc69d44225b9cc51c98a715de908834ca6de238db146177c?s=96&d=mm&r=g"},"description":"Guitariste depuis l'adolescence, le mat\u00e9riel et plus particuli\u00e8rement les p\u00e9dales de guitare sont devenus une vraie passion. \u00c0 travers ce blog de contenus, je souhaitais mettre \u00e0 profit mes comp\u00e9tences en r\u00e9daction, en cr\u00e9ation de site internet et en animation de contenus, pour faire vivre cette passion.","sameAs":["https:\/\/agence-vml.fr\/","https:\/\/www.instagram.com\/dannywilde14\/","https:\/\/www.linkedin.com\/in\/pierregabrielgautret\/"]}]}},"_links":{"self":[{"href":"https:\/\/guitareffect.fr\/en\/wp-json\/wp\/v2\/pages\/9538","targetHints":{"allow":["GET"]}}],"collection":[{"href":"https:\/\/guitareffect.fr\/en\/wp-json\/wp\/v2\/pages"}],"about":[{"href":"https:\/\/guitareffect.fr\/en\/wp-json\/wp\/v2\/types\/page"}],"author":[{"embeddable":true,"href":"https:\/\/guitareffect.fr\/en\/wp-json\/wp\/v2\/users\/2"}],"replies":[{"embeddable":true,"href":"https:\/\/guitareffect.fr\/en\/wp-json\/wp\/v2\/comments?post=9538"}],"version-history":[{"count":3,"href":"https:\/\/guitareffect.fr\/en\/wp-json\/wp\/v2\/pages\/9538\/revisions"}],"predecessor-version":[{"id":9544,"href":"https:\/\/guitareffect.fr\/en\/wp-json\/wp\/v2\/pages\/9538\/revisions\/9544"}],"wp:featuredmedia":[{"embeddable":true,"href":"https:\/\/guitareffect.fr\/en\/wp-json\/wp\/v2\/media\/4842"}],"wp:attachment":[{"href":"https:\/\/guitareffect.fr\/en\/wp-json\/wp\/v2\/media?parent=9538"}],"curies":[{"name":"wp","href":"https:\/\/api.w.org\/{rel}","templated":true}]}}