{"id":8399,"date":"2024-01-16T17:10:06","date_gmt":"2024-01-16T16:10:06","guid":{"rendered":"https:\/\/guitareffect.fr\/pedales-deffets-pour-guitare\/"},"modified":"2024-01-16T17:10:06","modified_gmt":"2024-01-16T16:10:06","slug":"pedales-deffets-pour-guitare","status":"publish","type":"page","link":"https:\/\/guitareffect.fr\/en\/pedales-deffets-pour-guitare\/","title":{"rendered":"P\u00e9dales d&#8217;effets pour guitare"},"content":{"rendered":"\n<p>Vous \u00eates guitaristes ou bassiste et vous vous renseignez sur les effets \u00e0 ajouter \u00e0 votre mat\u00e9riel de musique ? D\u00e9couvrez avec cet article <strong>tout ce dont vous aurez besoin de conna\u00eetre pour choisir et acheter une p\u00e9dale de guitare.\u00a0<\/strong><\/p>\n\n\n\n<h2 id=\"1-une-pedale-de-guitare-quest-ce-que-cest\" class=\"wp-block-heading\"><strong>1. Une p\u00e9dale de guitare, qu\u2019est-ce que c\u2019est ?<\/strong><\/h2>\n\n\n\n<p>Une p\u00e9dale d&#8217;effets est <strong>un bo\u00eetier compact, dispos\u00e9 sur un pedalboard dispos\u00e9 aux pieds des guitaristes pour \u00eatre activ\u00e9e facilement et con\u00e7u pour \u201calt\u00e9rer\u201d le son<\/strong> d&#8217;un instrument, le plus souvent une guitare \u00e9lectrique ou une basse. Elle est g\u00e9n\u00e9ralement int\u00e9gr\u00e9e dans la cha\u00eene de signal entre l&#8217;instrument et l&#8217;amplificateur. Ces p\u00e9dales peuvent <strong>simuler et cr\u00e9er une vari\u00e9t\u00e9 de sons et d&#8217;effets sonores<\/strong> afin d&#8217;enrichir la palette sonore d&#8217;un musicien.<\/p>\n\n\n\n<p>Les p\u00e9dales d&#8217;effets peuvent offrir <strong>une gamme diversifi\u00e9e d&#8217;alt\u00e9rations sonores,<\/strong> notamment des effets de modulation tels que la r\u00e9verb\u00e9ration, le chorus et le delay, des effets de distorsion ou d&#8217;overdrive pour intensifier le son, des filtres pour modifier la tonalit\u00e9, ainsi que des effets sp\u00e9ciaux comme le tremolo ou le wah-wah.\u00a0<\/p>\n\n\n\n<h2 id=\"2-comment-fonctionne-une-pedale-de-guitare\" class=\"wp-block-heading\"><strong>2. Comment fonctionne une p\u00e9dale de guitare ?<\/strong><\/h2>\n\n\n\n<p>En g\u00e9n\u00e9ral, une p\u00e9dale d&#8217;effets comprend un circuit \u00e9lectronique qui traite le signal audio. Les p\u00e9dales de modulation, comme la r\u00e9verb\u00e9ration, le chorus ou le delay, ajoutent des copies modifi\u00e9es du signal original pour cr\u00e9er des effets spatiaux ou temporels. Les p\u00e9dales de distorsion et d&#8217;overdrive accentuent le gain du signal, g\u00e9n\u00e9rant un son satur\u00e9 ou crunch selon l&#8217;intensit\u00e9 r\u00e9gl\u00e9e.<\/p>\n\n\n\n<h2 id=\"3-les-differents-types-de-pedales-pedales-analogiques-vs-pedales-numeriques\" class=\"wp-block-heading\"><strong>3. Les diff\u00e9rents types de p\u00e9dales : p\u00e9dales analogiques vs p\u00e9dales num\u00e9riques&nbsp;<\/strong><\/h2>\n\n\n\n<p>Les p\u00e9dales d&#8217;effets num\u00e9riques et analogiques diff\u00e8rent principalement dans la fa\u00e7on dont elles traitent le signal audio. Les p\u00e9dales analogiques utilisent des composants \u00e9lectroniques analogiques pour alt\u00e9rer directement le signal, pr\u00e9servant ainsi la continuit\u00e9 du son. Elles sont souvent appr\u00e9ci\u00e9es pour leur chaleur, leur r\u00e9activit\u00e9 et leur caract\u00e8re organique, mais peuvent \u00eatre limit\u00e9es en termes de polyvalence.<\/p>\n\n\n\n<p>En revanche, les p\u00e9dales num\u00e9riques convertissent le signal audio en donn\u00e9es num\u00e9riques, les traitent num\u00e9riquement, puis les convertissent \u00e0 nouveau en signal audio. Cette m\u00e9thode permet une plus grande flexibilit\u00e9 et une vari\u00e9t\u00e9 d&#8217;effets, mais certains musiciens estiment que cela peut parfois donner un son moins organique que celui des p\u00e9dales analogiques.<\/p>\n\n\n\n<p>Les p\u00e9dales analogiques sont souvent salu\u00e9es pour leur simplicit\u00e9 d&#8217;utilisation avec des r\u00e9glages intuitifs et un acc\u00e8s direct aux param\u00e8tres. Les p\u00e9dales num\u00e9riques offrent quant \u00e0 elle g\u00e9n\u00e9ralement des fonctionnalit\u00e9s plus avanc\u00e9es, une m\u00e9moire pour enregistrer des pr\u00e9r\u00e9glages et une polyvalence accrue, mais peuvent n\u00e9cessiter une courbe d&#8217;apprentissage plus importante.<\/p>\n\n\n\n<p><a href=\"https:\/\/guitareffect.fr\/en\/5588\/2024\/01\/08\/comparison-reviews\/analog-pedals-vs-digital-pedals-the-eternal-duel\/\"><strong>N\u2019h\u00e9sitez pas \u00e0 consulter notre article d\u00e9di\u00e9 sur la diff\u00e9rence entre les p\u00e9dales num\u00e9riques et les p\u00e9dales analogiques si le sujet vous int\u00e9resse !&nbsp;<\/strong><\/a><\/p>\n\n\n\n<h2 id=\"4-les-differents-types-deffets\" class=\"wp-block-heading\"><strong>4. Les diff\u00e9rents types d\u2019effets<\/strong><\/h2>\n\n\n\n<p>Il existe une multitude d\u2019effets diff\u00e9rents, qui sont parfois m\u00eame combin\u00e9s au sein d\u2019une m\u00eame p\u00e9dale. Voici quelques-uns des types d\u2019effets qu\u2019il existe en p\u00e9dales de guitare :&nbsp;<\/p>\n\n\n\n<ul class=\"wp-block-list\">\n<li><strong>P\u00e9dales d\u2019Overdrive et distorsion :<\/strong> La distorsion alt\u00e8re le signal en <strong>ajoutant du gain pour cr\u00e9er un son satur\u00e9<\/strong>, intense et souvent utilis\u00e9 dans les genres rock et m\u00e9tal, offrant une expressivit\u00e9 et une dynamique distinctes.<\/li>\n\n\n\n<li><strong>P\u00e9dales de R\u00e9verb\u00e9ration<\/strong> : <strong>Simulant l&#8217;\u00e9cho naturel d&#8217;une pi\u00e8ce<\/strong>, la r\u00e9verb\u00e9ration ajoute de la profondeur en cr\u00e9ant un effet de r\u00e9flexion des ondes sonores, id\u00e9al pour donner une ambiance spacieuse et immersive \u00e0 la musique.<\/li>\n\n\n\n<li><strong>P\u00e9dales de Delay<\/strong> : Le delay cr\u00e9e <strong>des r\u00e9p\u00e9titions du signal d\u2019origine<\/strong> avec un d\u00e9calage temporel, ajoutant texture et \u00e9paisseur au son. Il permet d&#8217;exp\u00e9rimenter avec des atmosph\u00e8res sonores et des effets d&#8217;\u00e9cho.<\/li>\n\n\n\n<li><strong>P\u00e9dales de Chorus<\/strong> : Le chorus modifie le signal en <strong>g\u00e9n\u00e9rant des copies l\u00e9g\u00e8rement d\u00e9cal\u00e9es<\/strong> du signal original. Il cr\u00e9e une sensation de largeur et de densit\u00e9, souvent utilis\u00e9e pour \u00e9largir le son des guitares et des claviers.<\/li>\n\n\n\n<li><strong>P\u00e9dales Wah-Wah <\/strong>: La p\u00e9dale wah-wah<strong> ajuste la fr\u00e9quence du signal de mani\u00e8re contr\u00f4l\u00e9e par le pied du musicien<\/strong>, cr\u00e9ant un effet expressif similaire \u00e0 une voix humaine en mouvement. Il est pris\u00e9 dans le blues et le funk pour des variations dynamiques.<\/li>\n\n\n\n<li><strong>P\u00e9dales d\u2019Octaver<\/strong> : L&#8217;octaver <strong>g\u00e9n\u00e8re des notes suppl\u00e9mentaires une octave au-dessus ou en dessous<\/strong> de la note jou\u00e9e, cr\u00e9ant un effet de son plus complet et \u00e9largissant la palette sonore de l&#8217;instrument.<\/li>\n\n\n\n<li><strong>P\u00e9dales de Flanger<\/strong> : Le flanger modifie le signal en <strong>cr\u00e9ant des interf\u00e9rences sonores \u00e0 l&#8217;aide d&#8217;un d\u00e9lai variable.<\/strong> Cela produit un effet de swooshing caract\u00e9ristique, souvent utilis\u00e9 pour des textures atmosph\u00e9riques.<\/li>\n\n\n\n<li><strong>P\u00e9dales de Phaser<\/strong> : Le phaser <strong>modifie le signal en cr\u00e9ant un d\u00e9calage de phase, <\/strong>g\u00e9n\u00e9rant des variations cycliques de la tonalit\u00e9. Il cr\u00e9e un son ondulant et spatial, populaire dans le rock et le funk.<\/li>\n\n\n\n<li><strong>P\u00e9dales de Tremolo<\/strong> : Le tremolo<strong> modifie le volume du signal de mani\u00e8re cyclique, <\/strong>cr\u00e9ant un effet de pulsation rythmique. Il ajoute une touche vintage \u00e0 la tonalit\u00e9 et est couramment utilis\u00e9 dans le rock et le surf.<\/li>\n\n\n\n<li><strong>P\u00e9dales Compresseur<\/strong> : Le compresseur <strong>r\u00e9gule la dynamique du signal en r\u00e9duisant la plage de volumes<\/strong>, augmentant ainsi la sustain. Il est utilis\u00e9 pour \u00e9galiser le son et accentuer la pr\u00e9sence de l&#8217;instrument.<\/li>\n\n\n\n<li><strong>P\u00e9dales de Filtre<\/strong> : Le filtre <strong>modifie la tonalit\u00e9 en att\u00e9nuant ou amplifiant certaines fr\u00e9quences.<\/strong> Il cr\u00e9e des effets de wah-wah plus subtiles et peut \u00eatre utilis\u00e9 pour sculpter la r\u00e9ponse fr\u00e9quentielle.<\/li>\n\n\n\n<li><strong>P\u00e9dales d\u2019Equalizer<\/strong> (EQ) : L&#8217;Equalizer <strong>ajuste les niveaux des fr\u00e9quences individuelles, <\/strong>permettant aux musiciens de fa\u00e7onner pr\u00e9cis\u00e9ment leur son en accentuant ou en att\u00e9nuant certaines bandes de fr\u00e9quences.<\/li>\n\n\n\n<li><strong>P\u00e9dales Ring Modulator <\/strong>: Le ring modulator <strong>cr\u00e9e des harmoniques artificielles en combinant le signal original <\/strong>avec une onde porteuse, produisant des sons exp\u00e9rimentaux et futuristes.<\/li>\n\n\n\n<li><strong>P\u00e9dales de Pitch Shifter<\/strong> : Le pitch shifter <strong>modifie la hauteur du signal, <\/strong>permettant de jouer des notes plus hautes ou plus basses que l&#8217;original. Il est utilis\u00e9 pour cr\u00e9er des effets de transposition et d&#8217;harmonisation.<\/li>\n\n\n\n<li><strong>P\u00e9dales Looper<\/strong> : Le looper permet <strong>d&#8217;enregistrer et de reproduire des boucles sonores, <\/strong>offrant aux musiciens la possibilit\u00e9 de superposer plusieurs parties instrumentales, cr\u00e9ant ainsi des textures complexes en direct.<\/li>\n<\/ul>\n\n\n\n<h2 id=\"5-comment-bien-choisir-vos-pedales-de-guitare\" class=\"wp-block-heading\"><strong>5. Comment bien choisir vos p\u00e9dales de guitare ?<\/strong><\/h2>\n\n\n\n<p>Choisir les p\u00e9dales d&#8217;effets id\u00e9ales n\u00e9cessite une r\u00e9flexion et une bonne id\u00e9e du style de jeu et de son que vous voulez avoir. Voici quelques conseils pour guider votre d\u00e9cision :<\/p>\n\n\n\n<h3 id=\"a-definir-ce-dont-vous-avez-besoin\" class=\"wp-block-heading\"><strong>a. D\u00e9finir ce dont vous avez besoin :<\/strong><\/h3>\n\n\n\n<p>Une fois entr\u00e9 dans le monde des p\u00e9dales d\u2019effets, on peut vite se laisser submerger par beaucoup d\u2019envies folles\u2026 Il est donc d\u2019abord n\u00e9cessaire de bien identifier les effets dont vous avez besoin pour votre jeu et votre style musical.&nbsp;<\/p>\n\n\n\n<h3 id=\"b-testez-avant-dacheter\" class=\"wp-block-heading\"><strong>b. Testez avant d&#8217;acheter :<\/strong><\/h3>\n\n\n\n<p>Rien ne remplace l&#8217;exp\u00e9rience et la pratique. Testez diff\u00e9rentes p\u00e9dales dans un magasin de musique par exemple pour comprendre comment elles r\u00e9agissent avec votre guitare et votre ampli.<\/p>\n\n\n\n<h3 id=\"c-prenez-en-compte-votre-budget\" class=\"wp-block-heading\"><strong>c. Prenez en compte votre budget :<\/strong><\/h3>\n\n\n\n<p>Les p\u00e9dales d&#8217;effets existent dans une gamme de prix\u2026 \u00e9tendue. Il est donc essentiel de d\u00e9finir un budget pour votre pedalboard afin de pouvoir assouvir toutes vos envies et besoins en mati\u00e8re sonore !&nbsp;<\/p>\n\n\n\n<h3 id=\"d-pensez-a-lagencement\" class=\"wp-block-heading\"><strong>d. Pensez \u00e0 l&#8217;agencement :<\/strong><\/h3>\n\n\n\n<p>L&#8217;ordre dans lequel vous placez vos p\u00e9dales dans la cha\u00eene de signal est primoridial car il affecte le son final. <a href=\"https:\/\/guitareffect.fr\/en\/6779\/2023\/12\/03\/tips-tricks\/how-do-you-chain-your-pedalboard-and-in-what-order-should-you-place-your-guitar-pedals\/\"><strong>N\u2019h\u00e9sitez pas \u00e0 consulter notre guide complet sur le cha\u00eenage de pedalboard si vous souhaitez en savoir plus !&nbsp;<\/strong><\/a><\/p>\n\n\n\n<h2 id=\"pedale-de-guitare-et-si-vous-vous-lanciez\" class=\"wp-block-heading\"><strong>P\u00e9dale de guitare : et si vous vous lanciez ?&nbsp;<\/strong><\/h2>\n\n\n\n<p>Les p\u00e9dales d&#8217;effets pour guitare sont bien plus que de simples gadgets de guitariste geek. Ce sont des alli\u00e9es cr\u00e9atives qui vous permettent de sculpter votre propre signature sonore. Qu&#8217;il s&#8217;agisse d&#8217;explorer de nouvelles dimensions sonores ou d&#8217;ajouter une couche d&#8217;\u00e9motion \u00e0 votre jeu, les p\u00e9dales d&#8217;effets offrent un terrain de jeu illimit\u00e9 pour les guitaristes en qu\u00eate d&#8217;expression musicale.<\/p>\n","protected":false},"excerpt":{"rendered":"Vous \u00eates guitaristes ou bassiste et vous vous renseignez sur les effets \u00e0 ajouter \u00e0 votre mat\u00e9riel de&hellip;\n","protected":false},"author":2,"featured_media":5028,"parent":0,"menu_order":0,"comment_status":"closed","ping_status":"closed","template":"","meta":{"csco_singular_sidebar":"right","csco_page_header_type":"full","csco_appearance_masonry":"","csco_page_load_nextpost":"","csco_post_video_location":[],"csco_post_video_location_hash":"","csco_post_video_url":"","csco_post_video_bg_start_time":0,"csco_post_video_bg_end_time":0,"footnotes":""},"class_list":{"0":"post-8399","1":"page","2":"type-page","3":"status-publish","4":"has-post-thumbnail","6":"cs-entry","7":"cs-video-wrap"},"yoast_head":"<!-- This site is optimized with the Yoast SEO plugin v27.2 - https:\/\/yoast.com\/product\/yoast-seo-wordpress\/ -->\n<title>P\u00e9dales d&#039;effets pour guitare - Guitareffects<\/title>\n<meta name=\"description\" content=\"Vous \u00eates guitaristes ou bassiste et vous vous renseignez sur les effets \u00e0 ajouter \u00e0 votre mat\u00e9riel de musique ? D\u00e9couvrez avec cet article tout ce dont vous aurez besoin de conna\u00eetre pour choisir et acheter une p\u00e9dale de guitare.\u00a0\" \/>\n<meta name=\"robots\" content=\"index, follow, max-snippet:-1, max-image-preview:large, max-video-preview:-1\" \/>\n<link rel=\"canonical\" href=\"https:\/\/guitareffect.fr\/en\/pedales-deffets-pour-guitare\/\" \/>\n<meta property=\"og:locale\" content=\"en_US\" \/>\n<meta property=\"og:type\" content=\"article\" \/>\n<meta property=\"og:title\" content=\"P\u00e9dales d&#039;effets pour guitare - Guitareffects\" \/>\n<meta property=\"og:description\" content=\"Vous \u00eates guitaristes ou bassiste et vous vous renseignez sur les effets \u00e0 ajouter \u00e0 votre mat\u00e9riel de musique ? D\u00e9couvrez avec cet article tout ce dont vous aurez besoin de conna\u00eetre pour choisir et acheter une p\u00e9dale de guitare.\u00a0\" \/>\n<meta property=\"og:url\" content=\"https:\/\/guitareffect.fr\/en\/pedales-deffets-pour-guitare\/\" \/>\n<meta property=\"og:site_name\" content=\"GuitarEffect\" \/>\n<meta property=\"og:image\" content=\"https:\/\/guitareffect.fr\/wp-content\/uploads\/2024\/01\/pedales-de-guitare.jpg\" \/>\n\t<meta property=\"og:image:width\" content=\"2000\" \/>\n\t<meta property=\"og:image:height\" content=\"1332\" \/>\n\t<meta property=\"og:image:type\" content=\"image\/jpeg\" \/>\n<meta name=\"twitter:card\" content=\"summary_large_image\" \/>\n<meta name=\"twitter:label1\" content=\"Est. reading time\" \/>\n\t<meta name=\"twitter:data1\" content=\"7 minutes\" \/>\n<script type=\"application\/ld+json\" class=\"yoast-schema-graph\">{\"@context\":\"https:\/\/schema.org\",\"@graph\":[{\"@type\":\"WebPage\",\"@id\":\"https:\/\/guitareffect.fr\/en\/pedales-deffets-pour-guitare\/\",\"url\":\"https:\/\/guitareffect.fr\/en\/pedales-deffets-pour-guitare\/\",\"name\":\"P\u00e9dales d'effets pour guitare - Guitareffects\",\"isPartOf\":{\"@id\":\"https:\/\/guitareffect.fr\/en\/#website\"},\"primaryImageOfPage\":{\"@id\":\"https:\/\/guitareffect.fr\/en\/pedales-deffets-pour-guitare\/#primaryimage\"},\"image\":{\"@id\":\"https:\/\/guitareffect.fr\/en\/pedales-deffets-pour-guitare\/#primaryimage\"},\"thumbnailUrl\":\"https:\/\/guitareffect.fr\/wp-content\/uploads\/2024\/01\/pedales-de-guitare.jpg\",\"datePublished\":\"2024-01-16T16:10:06+00:00\",\"description\":\"Vous \u00eates guitaristes ou bassiste et vous vous renseignez sur les effets \u00e0 ajouter \u00e0 votre mat\u00e9riel de musique ? D\u00e9couvrez avec cet article tout ce dont vous aurez besoin de conna\u00eetre pour choisir et acheter une p\u00e9dale de guitare.\u00a0\",\"breadcrumb\":{\"@id\":\"https:\/\/guitareffect.fr\/en\/pedales-deffets-pour-guitare\/#breadcrumb\"},\"inLanguage\":\"en-US\",\"potentialAction\":[{\"@type\":\"ReadAction\",\"target\":[\"https:\/\/guitareffect.fr\/en\/pedales-deffets-pour-guitare\/\"]}]},{\"@type\":\"ImageObject\",\"inLanguage\":\"en-US\",\"@id\":\"https:\/\/guitareffect.fr\/en\/pedales-deffets-pour-guitare\/#primaryimage\",\"url\":\"https:\/\/guitareffect.fr\/wp-content\/uploads\/2024\/01\/pedales-de-guitare.jpg\",\"contentUrl\":\"https:\/\/guitareffect.fr\/wp-content\/uploads\/2024\/01\/pedales-de-guitare.jpg\",\"width\":2000,\"height\":1332},{\"@type\":\"BreadcrumbList\",\"@id\":\"https:\/\/guitareffect.fr\/en\/pedales-deffets-pour-guitare\/#breadcrumb\",\"itemListElement\":[{\"@type\":\"ListItem\",\"position\":1,\"name\":\"Accueil\",\"item\":\"https:\/\/guitareffect.fr\/en\/\"},{\"@type\":\"ListItem\",\"position\":2,\"name\":\"P\u00e9dales d&rsquo;effets pour guitare\"}]},{\"@type\":\"WebSite\",\"@id\":\"https:\/\/guitareffect.fr\/en\/#website\",\"url\":\"https:\/\/guitareffect.fr\/en\/\",\"name\":\"GuitarEffect\",\"description\":\"P\u00e9dales et effets pour guitares et basses\",\"publisher\":{\"@id\":\"https:\/\/guitareffect.fr\/en\/#\/schema\/person\/2fc629c880392a68177f057c37bad3f0\"},\"potentialAction\":[{\"@type\":\"SearchAction\",\"target\":{\"@type\":\"EntryPoint\",\"urlTemplate\":\"https:\/\/guitareffect.fr\/en\/?s={search_term_string}\"},\"query-input\":{\"@type\":\"PropertyValueSpecification\",\"valueRequired\":true,\"valueName\":\"search_term_string\"}}],\"inLanguage\":\"en-US\"},{\"@type\":[\"Person\",\"Organization\"],\"@id\":\"https:\/\/guitareffect.fr\/en\/#\/schema\/person\/2fc629c880392a68177f057c37bad3f0\",\"name\":\"Pierre-Gabriel Gautret\",\"image\":{\"@type\":\"ImageObject\",\"inLanguage\":\"en-US\",\"@id\":\"https:\/\/secure.gravatar.com\/avatar\/08be9c9b6f3622addc69d44225b9cc51c98a715de908834ca6de238db146177c?s=96&d=mm&r=g\",\"url\":\"https:\/\/secure.gravatar.com\/avatar\/08be9c9b6f3622addc69d44225b9cc51c98a715de908834ca6de238db146177c?s=96&d=mm&r=g\",\"contentUrl\":\"https:\/\/secure.gravatar.com\/avatar\/08be9c9b6f3622addc69d44225b9cc51c98a715de908834ca6de238db146177c?s=96&d=mm&r=g\",\"caption\":\"Pierre-Gabriel Gautret\"},\"logo\":{\"@id\":\"https:\/\/secure.gravatar.com\/avatar\/08be9c9b6f3622addc69d44225b9cc51c98a715de908834ca6de238db146177c?s=96&d=mm&r=g\"},\"description\":\"Guitariste depuis l'adolescence, le mat\u00e9riel et plus particuli\u00e8rement les p\u00e9dales de guitare sont devenus une vraie passion. \u00c0 travers ce blog de contenus, je souhaitais mettre \u00e0 profit mes comp\u00e9tences en r\u00e9daction, en cr\u00e9ation de site internet et en animation de contenus, pour faire vivre cette passion.\",\"sameAs\":[\"https:\/\/agence-vml.fr\/\",\"https:\/\/www.instagram.com\/dannywilde14\/\",\"https:\/\/www.linkedin.com\/in\/pierregabrielgautret\/\"]}]}<\/script>\n<!-- \/ Yoast SEO plugin. -->","yoast_head_json":{"title":"P\u00e9dales d'effets pour guitare - Guitareffects","description":"Vous \u00eates guitaristes ou bassiste et vous vous renseignez sur les effets \u00e0 ajouter \u00e0 votre mat\u00e9riel de musique ? D\u00e9couvrez avec cet article tout ce dont vous aurez besoin de conna\u00eetre pour choisir et acheter une p\u00e9dale de guitare.\u00a0","robots":{"index":"index","follow":"follow","max-snippet":"max-snippet:-1","max-image-preview":"max-image-preview:large","max-video-preview":"max-video-preview:-1"},"canonical":"https:\/\/guitareffect.fr\/en\/pedales-deffets-pour-guitare\/","og_locale":"en_US","og_type":"article","og_title":"P\u00e9dales d'effets pour guitare - Guitareffects","og_description":"Vous \u00eates guitaristes ou bassiste et vous vous renseignez sur les effets \u00e0 ajouter \u00e0 votre mat\u00e9riel de musique ? D\u00e9couvrez avec cet article tout ce dont vous aurez besoin de conna\u00eetre pour choisir et acheter une p\u00e9dale de guitare.\u00a0","og_url":"https:\/\/guitareffect.fr\/en\/pedales-deffets-pour-guitare\/","og_site_name":"GuitarEffect","og_image":[{"width":2000,"height":1332,"url":"https:\/\/guitareffect.fr\/wp-content\/uploads\/2024\/01\/pedales-de-guitare.jpg","type":"image\/jpeg"}],"twitter_card":"summary_large_image","twitter_misc":{"Est. reading time":"7 minutes"},"schema":{"@context":"https:\/\/schema.org","@graph":[{"@type":"WebPage","@id":"https:\/\/guitareffect.fr\/en\/pedales-deffets-pour-guitare\/","url":"https:\/\/guitareffect.fr\/en\/pedales-deffets-pour-guitare\/","name":"P\u00e9dales d'effets pour guitare - Guitareffects","isPartOf":{"@id":"https:\/\/guitareffect.fr\/en\/#website"},"primaryImageOfPage":{"@id":"https:\/\/guitareffect.fr\/en\/pedales-deffets-pour-guitare\/#primaryimage"},"image":{"@id":"https:\/\/guitareffect.fr\/en\/pedales-deffets-pour-guitare\/#primaryimage"},"thumbnailUrl":"https:\/\/guitareffect.fr\/wp-content\/uploads\/2024\/01\/pedales-de-guitare.jpg","datePublished":"2024-01-16T16:10:06+00:00","description":"Vous \u00eates guitaristes ou bassiste et vous vous renseignez sur les effets \u00e0 ajouter \u00e0 votre mat\u00e9riel de musique ? D\u00e9couvrez avec cet article tout ce dont vous aurez besoin de conna\u00eetre pour choisir et acheter une p\u00e9dale de guitare.\u00a0","breadcrumb":{"@id":"https:\/\/guitareffect.fr\/en\/pedales-deffets-pour-guitare\/#breadcrumb"},"inLanguage":"en-US","potentialAction":[{"@type":"ReadAction","target":["https:\/\/guitareffect.fr\/en\/pedales-deffets-pour-guitare\/"]}]},{"@type":"ImageObject","inLanguage":"en-US","@id":"https:\/\/guitareffect.fr\/en\/pedales-deffets-pour-guitare\/#primaryimage","url":"https:\/\/guitareffect.fr\/wp-content\/uploads\/2024\/01\/pedales-de-guitare.jpg","contentUrl":"https:\/\/guitareffect.fr\/wp-content\/uploads\/2024\/01\/pedales-de-guitare.jpg","width":2000,"height":1332},{"@type":"BreadcrumbList","@id":"https:\/\/guitareffect.fr\/en\/pedales-deffets-pour-guitare\/#breadcrumb","itemListElement":[{"@type":"ListItem","position":1,"name":"Accueil","item":"https:\/\/guitareffect.fr\/en\/"},{"@type":"ListItem","position":2,"name":"P\u00e9dales d&rsquo;effets pour guitare"}]},{"@type":"WebSite","@id":"https:\/\/guitareffect.fr\/en\/#website","url":"https:\/\/guitareffect.fr\/en\/","name":"GuitarEffect","description":"P\u00e9dales et effets pour guitares et basses","publisher":{"@id":"https:\/\/guitareffect.fr\/en\/#\/schema\/person\/2fc629c880392a68177f057c37bad3f0"},"potentialAction":[{"@type":"SearchAction","target":{"@type":"EntryPoint","urlTemplate":"https:\/\/guitareffect.fr\/en\/?s={search_term_string}"},"query-input":{"@type":"PropertyValueSpecification","valueRequired":true,"valueName":"search_term_string"}}],"inLanguage":"en-US"},{"@type":["Person","Organization"],"@id":"https:\/\/guitareffect.fr\/en\/#\/schema\/person\/2fc629c880392a68177f057c37bad3f0","name":"Pierre-Gabriel Gautret","image":{"@type":"ImageObject","inLanguage":"en-US","@id":"https:\/\/secure.gravatar.com\/avatar\/08be9c9b6f3622addc69d44225b9cc51c98a715de908834ca6de238db146177c?s=96&d=mm&r=g","url":"https:\/\/secure.gravatar.com\/avatar\/08be9c9b6f3622addc69d44225b9cc51c98a715de908834ca6de238db146177c?s=96&d=mm&r=g","contentUrl":"https:\/\/secure.gravatar.com\/avatar\/08be9c9b6f3622addc69d44225b9cc51c98a715de908834ca6de238db146177c?s=96&d=mm&r=g","caption":"Pierre-Gabriel Gautret"},"logo":{"@id":"https:\/\/secure.gravatar.com\/avatar\/08be9c9b6f3622addc69d44225b9cc51c98a715de908834ca6de238db146177c?s=96&d=mm&r=g"},"description":"Guitariste depuis l'adolescence, le mat\u00e9riel et plus particuli\u00e8rement les p\u00e9dales de guitare sont devenus une vraie passion. \u00c0 travers ce blog de contenus, je souhaitais mettre \u00e0 profit mes comp\u00e9tences en r\u00e9daction, en cr\u00e9ation de site internet et en animation de contenus, pour faire vivre cette passion.","sameAs":["https:\/\/agence-vml.fr\/","https:\/\/www.instagram.com\/dannywilde14\/","https:\/\/www.linkedin.com\/in\/pierregabrielgautret\/"]}]}},"_links":{"self":[{"href":"https:\/\/guitareffect.fr\/en\/wp-json\/wp\/v2\/pages\/8399","targetHints":{"allow":["GET"]}}],"collection":[{"href":"https:\/\/guitareffect.fr\/en\/wp-json\/wp\/v2\/pages"}],"about":[{"href":"https:\/\/guitareffect.fr\/en\/wp-json\/wp\/v2\/types\/page"}],"author":[{"embeddable":true,"href":"https:\/\/guitareffect.fr\/en\/wp-json\/wp\/v2\/users\/2"}],"replies":[{"embeddable":true,"href":"https:\/\/guitareffect.fr\/en\/wp-json\/wp\/v2\/comments?post=8399"}],"version-history":[{"count":0,"href":"https:\/\/guitareffect.fr\/en\/wp-json\/wp\/v2\/pages\/8399\/revisions"}],"wp:featuredmedia":[{"embeddable":true,"href":"https:\/\/guitareffect.fr\/en\/wp-json\/wp\/v2\/media\/5028"}],"wp:attachment":[{"href":"https:\/\/guitareffect.fr\/en\/wp-json\/wp\/v2\/media?parent=8399"}],"curies":[{"name":"wp","href":"https:\/\/api.w.org\/{rel}","templated":true}]}}