{"id":9574,"date":"2025-03-01T10:25:20","date_gmt":"2025-03-01T09:25:20","guid":{"rendered":"https:\/\/guitareffect.fr\/?page_id=9574"},"modified":"2025-04-23T14:58:59","modified_gmt":"2025-04-23T12:58:59","slug":"das-team","status":"publish","type":"page","link":"https:\/\/guitareffect.fr\/de\/das-team\/","title":{"rendered":"Das team"},"content":{"rendered":"\n<h2 id=\"wer-sind-wir\" class=\"wp-block-heading\">Wer sind wir?<\/h2>\n\n\n\n<p>GuitarEffect wurde 2023 aus dem Wunsch heraus gegr\u00fcndet, alle Informationen rund um Gitarren- und Basspedale sowie Effekte an einem Ort zu b\u00fcndeln und zug\u00e4nglich zu machen. Unsere Website bietet Artikel \u00fcber die neuesten Neuheiten, praxisnahe Ratgeber und Vergleichstests, um Ihnen bei der Auswahl des richtigen Equipments zu helfen \u2013 oder zumindest desjenigen, das am besten zu Ihren W\u00fcnschen und Bed\u00fcrfnissen passt. Au\u00dferdem finden Sie Tipps zur Optimierung Ihres Setups sowie Infos \u00fcber die einflussreichsten Marken in der Welt der Pedale.<\/p>\n\n\n\n<h2 id=\"das-team\" class=\"wp-block-heading\">Das team<\/h2>\n\n\n<div class=\"cnvs-block-author cnvs-block-author-1740820994129\" >\t\t<div class=\"widget-body\">\n\t\t\t<div class=\"pk-widget-author\">\n\t\t\t\t\n\t\t\t\t<div class=\"pk-widget-author-container\">\n\t\t\t\t\t\n\t\t\t\t\t\n\t\t\t\t\t<h5 id=\"pierre-gabriel-gautret\" class=\"pk-author-title\">\n\t\t\t\t\t\t<a href=\"https:\/\/guitareffect.fr\/de\/author\/guitareffectscontactgmail-com\/\" rel=\"author\">\n\t\t\t\t\t\t\tPierre-Gabriel Gautret\t\t\t\t\t\t<\/a>\n\t\t\t\t\t<\/h5>\n\n\t\t\t\t\t\t\t\t\t\t\t<div class=\"pk-author-avatar\">\n\t\t\t\t\t\t\t<a href=\"https:\/\/guitareffect.fr\/de\/author\/guitareffectscontactgmail-com\/\" rel=\"author\">\n\t\t\t\t\t\t\t\t<img alt='' src='https:\/\/secure.gravatar.com\/avatar\/08be9c9b6f3622addc69d44225b9cc51c98a715de908834ca6de238db146177c?s=80&#038;d=mm&#038;r=g' srcset='https:\/\/secure.gravatar.com\/avatar\/08be9c9b6f3622addc69d44225b9cc51c98a715de908834ca6de238db146177c?s=160&#038;d=mm&#038;r=g 2x' class='avatar avatar-80 photo' height='80' width='80' \/>\t\t\t\t\t\t\t<\/a>\n\t\t\t\t\t\t<\/div>\n\t\t\t\t\t\n\t\t\t\t\t<div class=\"pk-author-data\">\n\t\t\t\t\t\t\t\t<div class=\"pk-author-social-links pk-social-links-wrap pk-social-links-template-default\">\n\t\t\t<div class=\"pk-social-links-items\">\n\t\t\t\t\t\t\t\t\t\t<div class=\"pk-social-links-item pk-social-links-website\">\n\t\t\t\t\t\t\t<a href=\"https:\/\/agence-vml.fr\/\" class=\"pk-social-links-link\" target=\"_blank\" rel=\"nofollow\">\n\t\t\t\t\t\t\t\t<i class=\"pk-icon pk-icon-website\"><\/i>\n\t\t\t\t\t\t\t\t\t\t\t\t\t\t\t<\/a>\n\t\t\t\t\t\t<\/div>\n\t\t\t\t\t\t\t\t\t\t\t<div class=\"pk-social-links-item pk-social-links-instagram\">\n\t\t\t\t\t\t\t<a href=\"https:\/\/www.instagram.com\/dannywilde14\/\" class=\"pk-social-links-link\" target=\"_blank\" rel=\"nofollow\">\n\t\t\t\t\t\t\t\t<i class=\"pk-icon pk-icon-instagram\"><\/i>\n\t\t\t\t\t\t\t\t\t\t\t\t\t\t\t<\/a>\n\t\t\t\t\t\t<\/div>\n\t\t\t\t\t\t\t\t\t\t\t<div class=\"pk-social-links-item pk-social-links-linkedin\">\n\t\t\t\t\t\t\t<a href=\"https:\/\/www.linkedin.com\/in\/pierregabrielgautret\/\" class=\"pk-social-links-link\" target=\"_blank\" rel=\"nofollow\">\n\t\t\t\t\t\t\t\t<i class=\"pk-icon pk-icon-linkedin\"><\/i>\n\t\t\t\t\t\t\t\t\t\t\t\t\t\t\t<\/a>\n\t\t\t\t\t\t<\/div>\n\t\t\t\t\t\t\t\t<\/div>\n\t\t<\/div>\n\t\t\n\t\t\t\t\t\t\t\t\t\t\t<\/div>\n\t\t\t\t<\/div>\n\t\t\t<\/div>\n\t\t<\/div>\n\t<\/div>\n\n\n<h2 id=\"kontaktieren-sie-uns\" class=\"wp-block-heading\">Kontaktieren Sie uns<\/h2>\n\n\n\n<p>Sie m\u00f6chten uns eine Frage stellen?<br>Haben Sie einen Fehler oder einen Tippfehler auf unserem Blog entdeckt?<br>M\u00f6chten Sie, dass wir \u00fcber Ihre Marke oder Ihr Pedal berichten?<\/p>\n\n\n\n<p><strong>Z\u00f6gern Sie nicht, uns zu kontaktieren \u2013 wir antworten Ihnen so schnell wie m\u00f6glich!<\/strong><\/p>\n\n\n\n<div class=\"wp-block-contact-form-7-contact-form-selector\">\n<div class=\"wpcf7 no-js\" id=\"wpcf7-f9540-o1\" lang=\"de-DE\" dir=\"ltr\" data-wpcf7-id=\"9540\">\n<div class=\"screen-reader-response\"><p role=\"status\" aria-live=\"polite\" aria-atomic=\"true\"><\/p> <ul><\/ul><\/div>\n<form action=\"\/de\/wp-json\/wp\/v2\/pages\/9574#wpcf7-f9540-o1\" method=\"post\" class=\"wpcf7-form init\" aria-label=\"Kontaktformular\" novalidate=\"novalidate\" data-status=\"init\">\n<fieldset class=\"hidden-fields-container\"><input type=\"hidden\" name=\"_wpcf7\" value=\"9540\" \/><input type=\"hidden\" name=\"_wpcf7_version\" value=\"6.1.5\" \/><input type=\"hidden\" name=\"_wpcf7_locale\" value=\"de_DE\" \/><input type=\"hidden\" name=\"_wpcf7_unit_tag\" value=\"wpcf7-f9540-o1\" \/><input type=\"hidden\" name=\"_wpcf7_container_post\" value=\"0\" \/><input type=\"hidden\" name=\"_wpcf7_posted_data_hash\" value=\"\" \/><input type=\"hidden\" name=\"_wpcf7_recaptcha_response\" value=\"\" \/>\n<\/fieldset>\n<p><label> Ihr Name<br \/>\n<span class=\"wpcf7-form-control-wrap\" data-name=\"your-name\"><input size=\"40\" maxlength=\"400\" class=\"wpcf7-form-control wpcf7-text wpcf7-validates-as-required\" autocomplete=\"name\" aria-required=\"true\" aria-invalid=\"false\" value=\"\" type=\"text\" name=\"your-name\" \/><\/span> <\/label>\n<\/p>\n<p><label> Ihre E-Mail<br \/>\n<span class=\"wpcf7-form-control-wrap\" data-name=\"your-email\"><input size=\"40\" maxlength=\"400\" class=\"wpcf7-form-control wpcf7-email wpcf7-validates-as-required wpcf7-text wpcf7-validates-as-email\" autocomplete=\"email\" aria-required=\"true\" aria-invalid=\"false\" value=\"\" type=\"email\" name=\"your-email\" \/><\/span> <\/label>\n<\/p>\n<p><label> Betreff<br \/>\n<span class=\"wpcf7-form-control-wrap\" data-name=\"your-subject\"><input size=\"40\" maxlength=\"400\" class=\"wpcf7-form-control wpcf7-text wpcf7-validates-as-required\" aria-required=\"true\" aria-invalid=\"false\" value=\"\" type=\"text\" name=\"your-subject\" \/><\/span> <\/label>\n<\/p>\n<p><label> Ihre Nachricht (optional)<br \/>\n<span class=\"wpcf7-form-control-wrap\" data-name=\"your-message\"><textarea cols=\"40\" rows=\"10\" maxlength=\"2000\" class=\"wpcf7-form-control wpcf7-textarea\" aria-invalid=\"false\" name=\"your-message\"><\/textarea><\/span> <\/label>\n<\/p>\n<p><input class=\"wpcf7-form-control wpcf7-submit has-spinner\" type=\"submit\" value=\"Senden\" \/>\n<\/p><div class=\"wpcf7-response-output\" aria-hidden=\"true\"><\/div>\n<\/form>\n<\/div>\n<\/div>\n\n\n\n<p><\/p>\n\n\n\n<p><\/p>\n\n\n\n<p><\/p>\n","protected":false},"excerpt":{"rendered":"Wer sind wir? GuitarEffect wurde 2023 aus dem Wunsch heraus gegr\u00fcndet, alle Informationen rund um Gitarren- und Basspedale&hellip;\n","protected":false},"author":2,"featured_media":9575,"parent":0,"menu_order":0,"comment_status":"closed","ping_status":"closed","template":"","meta":{"csco_singular_sidebar":"","csco_page_header_type":"full","csco_appearance_masonry":"","csco_page_load_nextpost":"","csco_post_video_location":[],"csco_post_video_location_hash":"","csco_post_video_url":"","csco_post_video_bg_start_time":0,"csco_post_video_bg_end_time":0,"footnotes":""},"class_list":{"0":"post-9574","1":"page","2":"type-page","3":"status-publish","4":"has-post-thumbnail","6":"cs-entry","7":"cs-video-wrap"},"yoast_head":"<!-- This site is optimized with the Yoast SEO plugin v27.2 - https:\/\/yoast.com\/product\/yoast-seo-wordpress\/ -->\n<title>Das team - GuitarEffect<\/title>\n<meta name=\"description\" content=\"M\u00f6chten Sie mehr \u00fcber die Menschen hinter dem Blog GuitarEffect erfahren?\" \/>\n<meta name=\"robots\" content=\"index, follow, max-snippet:-1, max-image-preview:large, max-video-preview:-1\" \/>\n<link rel=\"canonical\" href=\"https:\/\/guitareffect.fr\/de\/das-team\/\" \/>\n<meta property=\"og:locale\" content=\"de_DE\" \/>\n<meta property=\"og:type\" content=\"article\" \/>\n<meta property=\"og:title\" content=\"Das team - GuitarEffect\" \/>\n<meta property=\"og:description\" content=\"M\u00f6chten Sie mehr \u00fcber die Menschen hinter dem Blog GuitarEffect erfahren?\" \/>\n<meta property=\"og:url\" content=\"https:\/\/guitareffect.fr\/de\/das-team\/\" \/>\n<meta property=\"og:site_name\" content=\"GuitarEffect\" \/>\n<meta property=\"article:modified_time\" content=\"2025-04-23T12:58:59+00:00\" \/>\n<meta property=\"og:image\" content=\"https:\/\/guitareffect.fr\/wp-content\/uploads\/2025\/03\/page-equipe-guitareffect.jpg\" \/>\n\t<meta property=\"og:image:width\" content=\"1540\" \/>\n\t<meta property=\"og:image:height\" content=\"850\" \/>\n\t<meta property=\"og:image:type\" content=\"image\/jpeg\" \/>\n<meta name=\"twitter:card\" content=\"summary_large_image\" \/>\n<meta name=\"twitter:label1\" content=\"Gesch\u00e4tzte Lesezeit\" \/>\n\t<meta name=\"twitter:data1\" content=\"1\u00a0Minute\" \/>\n<script type=\"application\/ld+json\" class=\"yoast-schema-graph\">{\"@context\":\"https:\/\/schema.org\",\"@graph\":[{\"@type\":\"WebPage\",\"@id\":\"https:\/\/guitareffect.fr\/de\/das-team\/\",\"url\":\"https:\/\/guitareffect.fr\/de\/das-team\/\",\"name\":\"Das team - GuitarEffect\",\"isPartOf\":{\"@id\":\"https:\/\/guitareffect.fr\/de\/#website\"},\"primaryImageOfPage\":{\"@id\":\"https:\/\/guitareffect.fr\/de\/das-team\/#primaryimage\"},\"image\":{\"@id\":\"https:\/\/guitareffect.fr\/de\/das-team\/#primaryimage\"},\"thumbnailUrl\":\"https:\/\/guitareffect.fr\/wp-content\/uploads\/2025\/03\/page-equipe-guitareffect.jpg\",\"datePublished\":\"2025-03-01T09:25:20+00:00\",\"dateModified\":\"2025-04-23T12:58:59+00:00\",\"description\":\"M\u00f6chten Sie mehr \u00fcber die Menschen hinter dem Blog GuitarEffect erfahren?\",\"breadcrumb\":{\"@id\":\"https:\/\/guitareffect.fr\/de\/das-team\/#breadcrumb\"},\"inLanguage\":\"de\",\"potentialAction\":[{\"@type\":\"ReadAction\",\"target\":[\"https:\/\/guitareffect.fr\/de\/das-team\/\"]}]},{\"@type\":\"ImageObject\",\"inLanguage\":\"de\",\"@id\":\"https:\/\/guitareffect.fr\/de\/das-team\/#primaryimage\",\"url\":\"https:\/\/guitareffect.fr\/wp-content\/uploads\/2025\/03\/page-equipe-guitareffect.jpg\",\"contentUrl\":\"https:\/\/guitareffect.fr\/wp-content\/uploads\/2025\/03\/page-equipe-guitareffect.jpg\",\"width\":1540,\"height\":850},{\"@type\":\"BreadcrumbList\",\"@id\":\"https:\/\/guitareffect.fr\/de\/das-team\/#breadcrumb\",\"itemListElement\":[{\"@type\":\"ListItem\",\"position\":1,\"name\":\"Accueil\",\"item\":\"https:\/\/guitareffect.fr\/de\/\"},{\"@type\":\"ListItem\",\"position\":2,\"name\":\"Das team\"}]},{\"@type\":\"WebSite\",\"@id\":\"https:\/\/guitareffect.fr\/de\/#website\",\"url\":\"https:\/\/guitareffect.fr\/de\/\",\"name\":\"GuitarEffect\",\"description\":\"P\u00e9dales et effets pour guitares et basses\",\"publisher\":{\"@id\":\"https:\/\/guitareffect.fr\/de\/#\/schema\/person\/2fc629c880392a68177f057c37bad3f0\"},\"potentialAction\":[{\"@type\":\"SearchAction\",\"target\":{\"@type\":\"EntryPoint\",\"urlTemplate\":\"https:\/\/guitareffect.fr\/de\/?s={search_term_string}\"},\"query-input\":{\"@type\":\"PropertyValueSpecification\",\"valueRequired\":true,\"valueName\":\"search_term_string\"}}],\"inLanguage\":\"de\"},{\"@type\":[\"Person\",\"Organization\"],\"@id\":\"https:\/\/guitareffect.fr\/de\/#\/schema\/person\/2fc629c880392a68177f057c37bad3f0\",\"name\":\"Pierre-Gabriel Gautret\",\"image\":{\"@type\":\"ImageObject\",\"inLanguage\":\"de\",\"@id\":\"https:\/\/secure.gravatar.com\/avatar\/08be9c9b6f3622addc69d44225b9cc51c98a715de908834ca6de238db146177c?s=96&d=mm&r=g\",\"url\":\"https:\/\/secure.gravatar.com\/avatar\/08be9c9b6f3622addc69d44225b9cc51c98a715de908834ca6de238db146177c?s=96&d=mm&r=g\",\"contentUrl\":\"https:\/\/secure.gravatar.com\/avatar\/08be9c9b6f3622addc69d44225b9cc51c98a715de908834ca6de238db146177c?s=96&d=mm&r=g\",\"caption\":\"Pierre-Gabriel Gautret\"},\"logo\":{\"@id\":\"https:\/\/secure.gravatar.com\/avatar\/08be9c9b6f3622addc69d44225b9cc51c98a715de908834ca6de238db146177c?s=96&d=mm&r=g\"},\"description\":\"Guitariste depuis l'adolescence, le mat\u00e9riel et plus particuli\u00e8rement les p\u00e9dales de guitare sont devenus une vraie passion. \u00c0 travers ce blog de contenus, je souhaitais mettre \u00e0 profit mes comp\u00e9tences en r\u00e9daction, en cr\u00e9ation de site internet et en animation de contenus, pour faire vivre cette passion.\",\"sameAs\":[\"https:\/\/agence-vml.fr\/\",\"https:\/\/www.instagram.com\/dannywilde14\/\",\"https:\/\/www.linkedin.com\/in\/pierregabrielgautret\/\"]}]}<\/script>\n<!-- \/ Yoast SEO plugin. -->","yoast_head_json":{"title":"Das team - GuitarEffect","description":"M\u00f6chten Sie mehr \u00fcber die Menschen hinter dem Blog GuitarEffect erfahren?","robots":{"index":"index","follow":"follow","max-snippet":"max-snippet:-1","max-image-preview":"max-image-preview:large","max-video-preview":"max-video-preview:-1"},"canonical":"https:\/\/guitareffect.fr\/de\/das-team\/","og_locale":"de_DE","og_type":"article","og_title":"Das team - GuitarEffect","og_description":"M\u00f6chten Sie mehr \u00fcber die Menschen hinter dem Blog GuitarEffect erfahren?","og_url":"https:\/\/guitareffect.fr\/de\/das-team\/","og_site_name":"GuitarEffect","article_modified_time":"2025-04-23T12:58:59+00:00","og_image":[{"width":1540,"height":850,"url":"https:\/\/guitareffect.fr\/wp-content\/uploads\/2025\/03\/page-equipe-guitareffect.jpg","type":"image\/jpeg"}],"twitter_card":"summary_large_image","twitter_misc":{"Gesch\u00e4tzte Lesezeit":"1\u00a0Minute"},"schema":{"@context":"https:\/\/schema.org","@graph":[{"@type":"WebPage","@id":"https:\/\/guitareffect.fr\/de\/das-team\/","url":"https:\/\/guitareffect.fr\/de\/das-team\/","name":"Das team - GuitarEffect","isPartOf":{"@id":"https:\/\/guitareffect.fr\/de\/#website"},"primaryImageOfPage":{"@id":"https:\/\/guitareffect.fr\/de\/das-team\/#primaryimage"},"image":{"@id":"https:\/\/guitareffect.fr\/de\/das-team\/#primaryimage"},"thumbnailUrl":"https:\/\/guitareffect.fr\/wp-content\/uploads\/2025\/03\/page-equipe-guitareffect.jpg","datePublished":"2025-03-01T09:25:20+00:00","dateModified":"2025-04-23T12:58:59+00:00","description":"M\u00f6chten Sie mehr \u00fcber die Menschen hinter dem Blog GuitarEffect erfahren?","breadcrumb":{"@id":"https:\/\/guitareffect.fr\/de\/das-team\/#breadcrumb"},"inLanguage":"de","potentialAction":[{"@type":"ReadAction","target":["https:\/\/guitareffect.fr\/de\/das-team\/"]}]},{"@type":"ImageObject","inLanguage":"de","@id":"https:\/\/guitareffect.fr\/de\/das-team\/#primaryimage","url":"https:\/\/guitareffect.fr\/wp-content\/uploads\/2025\/03\/page-equipe-guitareffect.jpg","contentUrl":"https:\/\/guitareffect.fr\/wp-content\/uploads\/2025\/03\/page-equipe-guitareffect.jpg","width":1540,"height":850},{"@type":"BreadcrumbList","@id":"https:\/\/guitareffect.fr\/de\/das-team\/#breadcrumb","itemListElement":[{"@type":"ListItem","position":1,"name":"Accueil","item":"https:\/\/guitareffect.fr\/de\/"},{"@type":"ListItem","position":2,"name":"Das team"}]},{"@type":"WebSite","@id":"https:\/\/guitareffect.fr\/de\/#website","url":"https:\/\/guitareffect.fr\/de\/","name":"GuitarEffect","description":"P\u00e9dales et effets pour guitares et basses","publisher":{"@id":"https:\/\/guitareffect.fr\/de\/#\/schema\/person\/2fc629c880392a68177f057c37bad3f0"},"potentialAction":[{"@type":"SearchAction","target":{"@type":"EntryPoint","urlTemplate":"https:\/\/guitareffect.fr\/de\/?s={search_term_string}"},"query-input":{"@type":"PropertyValueSpecification","valueRequired":true,"valueName":"search_term_string"}}],"inLanguage":"de"},{"@type":["Person","Organization"],"@id":"https:\/\/guitareffect.fr\/de\/#\/schema\/person\/2fc629c880392a68177f057c37bad3f0","name":"Pierre-Gabriel Gautret","image":{"@type":"ImageObject","inLanguage":"de","@id":"https:\/\/secure.gravatar.com\/avatar\/08be9c9b6f3622addc69d44225b9cc51c98a715de908834ca6de238db146177c?s=96&d=mm&r=g","url":"https:\/\/secure.gravatar.com\/avatar\/08be9c9b6f3622addc69d44225b9cc51c98a715de908834ca6de238db146177c?s=96&d=mm&r=g","contentUrl":"https:\/\/secure.gravatar.com\/avatar\/08be9c9b6f3622addc69d44225b9cc51c98a715de908834ca6de238db146177c?s=96&d=mm&r=g","caption":"Pierre-Gabriel Gautret"},"logo":{"@id":"https:\/\/secure.gravatar.com\/avatar\/08be9c9b6f3622addc69d44225b9cc51c98a715de908834ca6de238db146177c?s=96&d=mm&r=g"},"description":"Guitariste depuis l'adolescence, le mat\u00e9riel et plus particuli\u00e8rement les p\u00e9dales de guitare sont devenus une vraie passion. \u00c0 travers ce blog de contenus, je souhaitais mettre \u00e0 profit mes comp\u00e9tences en r\u00e9daction, en cr\u00e9ation de site internet et en animation de contenus, pour faire vivre cette passion.","sameAs":["https:\/\/agence-vml.fr\/","https:\/\/www.instagram.com\/dannywilde14\/","https:\/\/www.linkedin.com\/in\/pierregabrielgautret\/"]}]}},"_links":{"self":[{"href":"https:\/\/guitareffect.fr\/de\/wp-json\/wp\/v2\/pages\/9574","targetHints":{"allow":["GET"]}}],"collection":[{"href":"https:\/\/guitareffect.fr\/de\/wp-json\/wp\/v2\/pages"}],"about":[{"href":"https:\/\/guitareffect.fr\/de\/wp-json\/wp\/v2\/types\/page"}],"author":[{"embeddable":true,"href":"https:\/\/guitareffect.fr\/de\/wp-json\/wp\/v2\/users\/2"}],"replies":[{"embeddable":true,"href":"https:\/\/guitareffect.fr\/de\/wp-json\/wp\/v2\/comments?post=9574"}],"version-history":[{"count":1,"href":"https:\/\/guitareffect.fr\/de\/wp-json\/wp\/v2\/pages\/9574\/revisions"}],"predecessor-version":[{"id":9577,"href":"https:\/\/guitareffect.fr\/de\/wp-json\/wp\/v2\/pages\/9574\/revisions\/9577"}],"wp:featuredmedia":[{"embeddable":true,"href":"https:\/\/guitareffect.fr\/de\/wp-json\/wp\/v2\/media\/9575"}],"wp:attachment":[{"href":"https:\/\/guitareffect.fr\/de\/wp-json\/wp\/v2\/media?parent=9574"}],"curies":[{"name":"wp","href":"https:\/\/api.w.org\/{rel}","templated":true}]}}